{"id":621,"date":"2018-03-27T15:56:04","date_gmt":"2018-03-27T15:56:04","guid":{"rendered":"https:\/\/alt.ewt-shipping.com\/?page_id=621\/"},"modified":"2023-12-19T11:28:47","modified_gmt":"2023-12-19T11:28:47","slug":"downloads","status":"publish","type":"page","link":"https:\/\/alt.ewt-shipping.com\/en\/downloads\/","title":{"rendered":"Downloads"},"content":{"rendered":"\n<style type=\"text\/css\" data-created_by=\"avia_inline_auto\" id=\"style-css-av-1tb5ol-ec4cf45ad42c6d0742fb9b7dbc39928c\">\n.avia-section.av-1tb5ol-ec4cf45ad42c6d0742fb9b7dbc39928c{\nbackground-repeat:no-repeat;\nbackground-image:url(https:\/\/alt.ewt-shipping.com\/wp-content\/uploads\/2018\/03\/blurr.jpg);\nbackground-position:50% 100%;\nbackground-attachment:scroll;\n}\n.avia-section.av-1tb5ol-ec4cf45ad42c6d0742fb9b7dbc39928c .av-section-color-overlay{\nopacity:0.5;\nbackground-color:#000000;\n}\n<\/style>\n<div id='av_section_1'  class='avia-section av-1tb5ol-ec4cf45ad42c6d0742fb9b7dbc39928c main_color avia-section-default avia-no-border-styling  avia-builder-el-0  el_before_av_heading  avia-builder-el-first  avia-full-stretch avia-bg-style-scroll av-section-color-overlay-active av-minimum-height av-minimum-height-custom  container_wrap sidebar_right'  data-section-bg-repeat='stretch' data-av_minimum_height_px='430'><div class=\"av-section-color-overlay-wrap\"><div class=\"av-section-color-overlay\"><\/div><div class='container av-section-cont-open' style='height:430px'><main  role=\"main\" itemprop=\"mainContentOfPage\"  class='template-page content  av-content-small alpha units'><div class='post-entry post-entry-type-page post-entry-621'><div class='entry-content-wrapper clearfix'>\n\n<style type=\"text\/css\" data-created_by=\"avia_inline_auto\" id=\"style-css-av-1l3jph-487aa1650cb5896451964a8d5ff894cd\">\n#top .av-special-heading.av-1l3jph-487aa1650cb5896451964a8d5ff894cd{\npadding-bottom:40px;\ncolor:#ffffff;\nfont-size:72px;\n}\nbody .av-special-heading.av-1l3jph-487aa1650cb5896451964a8d5ff894cd .av-special-heading-tag .heading-char{\nfont-size:25px;\n}\n#top #wrap_all .av-special-heading.av-1l3jph-487aa1650cb5896451964a8d5ff894cd .av-special-heading-tag{\nfont-size:72px;\n}\n.av-special-heading.av-1l3jph-487aa1650cb5896451964a8d5ff894cd .special-heading-inner-border{\nborder-color:#ffffff;\n}\n.av-special-heading.av-1l3jph-487aa1650cb5896451964a8d5ff894cd .av-subheading{\nfont-size:20px;\n}\n\n@media only screen and (min-width: 480px) and (max-width: 767px){ \n#top #wrap_all .av-special-heading.av-1l3jph-487aa1650cb5896451964a8d5ff894cd .av-special-heading-tag{\nfont-size:0.8em;\n}\n}\n\n@media only screen and (max-width: 479px){ \n#top #wrap_all .av-special-heading.av-1l3jph-487aa1650cb5896451964a8d5ff894cd .av-special-heading-tag{\nfont-size:0.8em;\n}\n}\n<\/style>\n<div  class='av-special-heading av-1l3jph-487aa1650cb5896451964a8d5ff894cd av-special-heading-h2 custom-color-heading blockquote modern-quote  avia-builder-el-1  avia-builder-el-no-sibling  av-inherit-size'><h2 class='av-special-heading-tag'  itemprop=\"headline\"  >Downloads<\/h2><div class=\"special-heading-border\"><div class=\"special-heading-inner-border\"><\/div><\/div><\/div>\n<\/div><\/div><\/main><!-- close content main element --><\/div><\/div><\/div><div id='after_section_1'  class='main_color av_default_container_wrap container_wrap sidebar_right'  ><div class='container av-section-cont-open' ><div class='template-page content  av-content-small alpha units'><div class='post-entry post-entry-type-page post-entry-621'><div class='entry-content-wrapper clearfix'>\n\n<style type=\"text\/css\" data-created_by=\"avia_inline_auto\" id=\"style-css-av-6sebh-a74fecef47e6d1732d259eb631351bb2\">\n#top .av-special-heading.av-6sebh-a74fecef47e6d1732d259eb631351bb2{\npadding-bottom:10px;\n}\nbody .av-special-heading.av-6sebh-a74fecef47e6d1732d259eb631351bb2 .av-special-heading-tag .heading-char{\nfont-size:25px;\n}\n.av-special-heading.av-6sebh-a74fecef47e6d1732d259eb631351bb2 .av-subheading{\nfont-size:15px;\n}\n<\/style>\n<div  class='av-special-heading av-6sebh-a74fecef47e6d1732d259eb631351bb2 av-special-heading-h3  avia-builder-el-2  el_after_av_section  el_before_av_section  avia-builder-el-no-sibling '><h3 class='av-special-heading-tag'  itemprop=\"headline\"  >Our Downloads<\/h3><div class=\"special-heading-border\"><div class=\"special-heading-inner-border\"><\/div><\/div><\/div>\n<\/div><\/div><\/div><!-- close content main div --><\/div><\/div><div id='beschreibung'  class='avia-section av-18etkt-39d03aaeda444774dda4e136d563d6b0 main_color avia-section-no-padding avia-no-border-styling  avia-builder-el-3  el_after_av_heading  el_before_av_textblock  avia-bg-style-scroll container_wrap sidebar_right'  ><div class='container av-section-cont-open' ><div class='template-page content  av-content-small alpha units'><div class='post-entry post-entry-type-page post-entry-621'><div class='entry-content-wrapper clearfix'>\n\n<style type=\"text\/css\" data-created_by=\"avia_inline_auto\" id=\"style-css-av-13pqdx-28c5ea3280849c88d443a5048df66431\">\n.flex_column.av-13pqdx-28c5ea3280849c88d443a5048df66431{\n-webkit-border-radius:0px 0px 0px 0px;\n-moz-border-radius:0px 0px 0px 0px;\nborder-radius:0px 0px 0px 0px;\npadding:0px 0px 0px 0px;\n}\n<\/style>\n<div class='flex_column av-13pqdx-28c5ea3280849c88d443a5048df66431 av_one_half  avia-builder-el-4  el_before_av_one_half  avia-builder-el-first  first flex_column_div av-zero-column-padding '     ><section  class='av_textblock_section av-3inw5-ac111204a49cb7a38b109585e53ad737'  itemscope=\"itemscope\" itemtype=\"https:\/\/schema.org\/CreativeWork\" ><div class='avia_textblock'  itemprop=\"text\" ><div class=\"tinymcewysiwyg\">\n<h4>Downloads<\/h4>\n<\/div>\n<div class=\"tinymcewysiwyg\">\n<ul>\n<li><a href=\"https:\/\/alt.ewt-shipping.com\/wp-content\/uploads\/2018\/10\/IVTB-Fassung-2010.pdf\" target=\"\" rel=\"noopener\">IVTB Fassung 2010<\/a> (IVTB)<\/li>\n<li><a href=\"https:\/\/alt.ewt-shipping.com\/wp-content\/uploads\/2018\/10\/ICLTIVTB-english-2010-2013.pdf\" target=\"\" rel=\"noopener\">ICLT(IVTB) English 2010 (2013)<\/a> (ICLT\/IVTB)<\/li>\n<li><a href=\"https:\/\/alt.ewt-shipping.com\/wp-content\/uploads\/2018\/10\/DSLV_ADSp_2017_dt_v2_Mai-2017.pdf\">Allgemeine Deutsche Spediteurbedingungen<\/a> (ADSp 2017)<\/li>\n<li><a href=\"https:\/\/alt.ewt-shipping.com\/wp-content\/uploads\/2018\/10\/DSLV_ADSp_2017_EN_v11_Mai-2017.pdf\">German Freight Forwarders&#8217; Standart Terms and Conditions<\/a> (ADSp 2017)<\/li>\n<li><a href=\"https:\/\/alt.ewt-shipping.com\/wp-content\/uploads\/2018\/03\/cmni-dt.pdf\">Budapester \u00dcbereinkommen \u00fcber den Vertrag \u00fcber die G\u00fcterbef\u00f6rderung\u00a0in der Binnenschifffahrt<\/a>\u00a0(CMNI)<\/li>\n<li><a href=\"https:\/\/alt.ewt-shipping.com\/wp-content\/uploads\/2018\/03\/cmni-eng.pdf\">Budapest Convention on the Contract for the Carriage of Goods by Inland Waterway<\/a>\u00a0(CMNI)<\/li>\n<li><a href=\"https:\/\/alt.ewt-shipping.com\/wp-content\/uploads\/2018\/03\/cmr-dt.pdf\">\u00dcbereinkommen \u00fcber den Bef\u00f6rderungsvertrag im\u00a0internationalen Stra\u00dfeng\u00fcterverkehr<\/a>\u00a0(CMR)<\/li>\n<li><a href=\"https:\/\/alt.ewt-shipping.com\/wp-content\/uploads\/2018\/03\/cmr-eng.pdf\">Convention on the Contract for the\u00a0International Carriage of Goods by Road<\/a> (CMR)<\/li>\n<li><a href=\"https:\/\/alt.ewt-shipping.com\/wp-content\/uploads\/2018\/03\/gesetz-uebereinkommen-1989-dt.pdf\">Gesetz zu dem \u00dcbereinkommen der Vereinten\u00a0Nationen vom 11. April 1980 \u00fcber Vertr\u00e4ge\u00a0\u00fcber den internationalen Warenkauf sowie zur\u00a0\u00c4nderung des Gesetzes zu dem \u00dcbereinkommen\u00a0vom 19. Mai 1956 \u00fcber den Bef\u00f6rderungsvertrag\u00a0im internationalen Stra\u00dfeng\u00fcterverkehr<\/a>\u00a0(CMR)<\/li>\n<li><a href=\"https:\/\/alt.ewt-shipping.com\/wp-content\/uploads\/2018\/03\/holl._ges_2011.pdf\">Lade- und L\u00f6schzeitenbeschluss Niederlande<\/a><\/li>\n<li><a href=\"https:\/\/alt.ewt-shipping.com\/wp-content\/uploads\/2018\/03\/belg._ges_2011.pdf\">Lade- und L\u00f6schzeitenverordnung Belgien<\/a><\/li>\n<li><a href=\"https:\/\/alt.ewt-shipping.com\/wp-content\/uploads\/2019\/02\/Liegegelds\u00e4tze-Belgisches-Gesetz-2019-1.pdf\" target=\"\" rel=\"noopener\">Liegegelds\u00e4tze Belgisches Gesetz 2019<\/a><\/li>\n<li><a href=\"https:\/\/alt.ewt-shipping.com\/wp-content\/uploads\/2020\/12\/TTB_2010_en.pdf\">Tank-barge terms and conditions of transport 2010<\/a><\/li>\n<\/ul>\n<\/div>\n<div class=\"tinymcewysiwyg\"><\/div>\n<div class=\"tinymcewysiwyg\"><\/div>\n<\/div><\/section><\/div>\n<style type=\"text\/css\" data-created_by=\"avia_inline_auto\" id=\"style-css-av-pfabp-14c9f63c0db66b52ecdeed55debd0bb3\">\n.flex_column.av-pfabp-14c9f63c0db66b52ecdeed55debd0bb3{\n-webkit-border-radius:0px 0px 0px 0px;\n-moz-border-radius:0px 0px 0px 0px;\nborder-radius:0px 0px 0px 0px;\npadding:0px 0px 0px 0px;\n}\n<\/style>\n<div class='flex_column av-pfabp-14c9f63c0db66b52ecdeed55debd0bb3 av_one_half  avia-builder-el-6  el_after_av_one_half  el_before_av_hr  flex_column_div av-zero-column-padding '     ><section  class='av_textblock_section av-kism9xq4-29c198c3cbb822e33954afa9d9ca9fe7'  itemscope=\"itemscope\" itemtype=\"https:\/\/schema.org\/CreativeWork\" ><div class='avia_textblock'  itemprop=\"text\" ><div class=\"tinymcewysiwyg\"><\/div>\n<div class=\"tinymcewysiwyg\"><\/div>\n<div class=\"tinymcewysiwyg\">\n<h4>Quality management (QM)<\/h4>\n<\/div>\n<div class=\"tinymcewysiwyg\">\n<ul>\n<li><a href=\"https:\/\/alt.ewt-shipping.com\/wp-content\/uploads\/2022\/10\/221006_EWT_9001_Zertifikat_en.pdf\" target=\"_blank\" rel=\"noopener\">ISO 9001:2015 Certificate<\/a> \u2013 valid until 24.08.2025<\/li>\n<li><a href=\"https:\/\/alt.ewt-shipping.com\/wp-content\/uploads\/2022\/02\/220222_EWT_GMP_Zertifikat_de.pdf\" target=\"_blank\" rel=\"noopener\">GMP+ FC Certificate<\/a> \u2013 valid until 20.02.2025<\/li>\n<li><a href=\"https:\/\/alt.ewt-shipping.com\/wp-content\/uploads\/2023\/12\/2303_ISO_14001_Certificate_en.pdf\">ISO 14001:2015 Certificate<\/a> \u2013 valid until 30.03.2026<\/li>\n<\/ul>\n<\/div>\n<\/div><\/section><br \/>\n\n<style type=\"text\/css\" data-created_by=\"avia_inline_auto\" id=\"style-css-av-k9b3x-5026b58856a6c232d6f6fbdeccec7dac\">\n.avia-image-container.av-k9b3x-5026b58856a6c232d6f6fbdeccec7dac img.avia_image{\nbox-shadow:none;\n}\n.avia-image-container.av-k9b3x-5026b58856a6c232d6f6fbdeccec7dac .av-image-caption-overlay-center{\ncolor:#ffffff;\n}\n<\/style>\n<div  class='avia-image-container av-k9b3x-5026b58856a6c232d6f6fbdeccec7dac av-styling-circle avia-align-center  avia-builder-el-8  el_after_av_textblock  avia-builder-el-last '   itemprop=\"image\" itemscope=\"itemscope\" itemtype=\"https:\/\/schema.org\/ImageObject\" ><div class=\"avia-image-container-inner\"><div class=\"avia-image-overlay-wrap\"><img decoding=\"async\" class='wp-image-1312 avia-img-lazy-loading-not-1312 avia_image ' src=\"https:\/\/alt.ewt-shipping.com\/wp-content\/uploads\/2018\/05\/download_symbol-180x180.png\" alt='' title='download_symbol'  height=\"180\" width=\"180\"  itemprop=\"thumbnailUrl\" srcset=\"https:\/\/alt.ewt-shipping.com\/wp-content\/uploads\/2018\/05\/download_symbol-180x180.png 180w, https:\/\/alt.ewt-shipping.com\/wp-content\/uploads\/2018\/05\/download_symbol-80x80.png 80w, https:\/\/alt.ewt-shipping.com\/wp-content\/uploads\/2018\/05\/download_symbol-300x300.png 300w, https:\/\/alt.ewt-shipping.com\/wp-content\/uploads\/2018\/05\/download_symbol-36x36.png 36w, https:\/\/alt.ewt-shipping.com\/wp-content\/uploads\/2018\/05\/download_symbol-120x120.png 120w, https:\/\/alt.ewt-shipping.com\/wp-content\/uploads\/2018\/05\/download_symbol-450x450.png 450w, https:\/\/alt.ewt-shipping.com\/wp-content\/uploads\/2018\/05\/download_symbol.png 512w\" sizes=\"(max-width: 180px) 100vw, 180px\" \/><\/div><\/div><\/div><\/p><\/div>\n<style type=\"text\/css\" data-created_by=\"avia_inline_auto\" id=\"style-css-av-e75pp-7d9cefe8a2b9e010a495287b97bb0a3a\">\n#top .hr.hr-invisible.av-e75pp-7d9cefe8a2b9e010a495287b97bb0a3a{\nheight:50px;\n}\n<\/style>\n<div  class='hr av-e75pp-7d9cefe8a2b9e010a495287b97bb0a3a hr-invisible  avia-builder-el-9  el_after_av_one_half  avia-builder-el-last '><span class='hr-inner '><span class=\"hr-inner-style\"><\/span><\/span><\/div>\n<\/div><\/div><\/div><!-- close content main div --><\/div><\/div><div id='after_section_2'  class='main_color av_default_container_wrap container_wrap sidebar_right'  ><div class='container av-section-cont-open' ><div class='template-page content  av-content-small alpha units'><div class='post-entry post-entry-type-page post-entry-621'><div class='entry-content-wrapper clearfix'><section  class='av_textblock_section av-7e69p-bed6d6d330bf15bbb303807bf0a6bcea'  itemscope=\"itemscope\" itemtype=\"https:\/\/schema.org\/CreativeWork\" ><div class='avia_textblock'  itemprop=\"text\" ><\/div><\/section><\/p>\n","protected":false},"excerpt":{"rendered":"","protected":false},"author":1,"featured_media":0,"parent":0,"menu_order":11,"comment_status":"closed","ping_status":"closed","template":"","meta":{"footnotes":""},"class_list":["post-621","page","type-page","status-publish","hentry"],"yoast_head":"<!-- This site is optimized with the Yoast SEO plugin v24.0 - https:\/\/yoast.com\/wordpress\/plugins\/seo\/ -->\n<title>Downloads - EWT Schiffahrtsgesellschaft mbH<\/title>\n<meta name=\"robots\" content=\"noindex, follow, max-snippet:-1, max-image-preview:large, max-video-preview:-1\" \/>\n<meta property=\"og:locale\" content=\"en_US\" \/>\n<meta property=\"og:type\" content=\"article\" \/>\n<meta property=\"og:title\" content=\"Downloads - EWT Schiffahrtsgesellschaft mbH\" \/>\n<meta property=\"og:url\" content=\"https:\/\/alt.ewt-shipping.com\/en\/downloads\/\" \/>\n<meta property=\"og:site_name\" content=\"EWT Schiffahrtsgesellschaft mbH\" \/>\n<meta property=\"article:modified_time\" content=\"2023-12-19T11:28:47+00:00\" \/>\n<meta name=\"twitter:card\" content=\"summary_large_image\" \/>\n<meta name=\"twitter:label1\" content=\"Est. reading time\" \/>\n\t<meta name=\"twitter:data1\" content=\"3 minutes\" \/>\n<script type=\"application\/ld+json\" class=\"yoast-schema-graph\">{\"@context\":\"https:\/\/schema.org\",\"@graph\":[{\"@type\":\"WebPage\",\"@id\":\"https:\/\/alt.ewt-shipping.com\/en\/downloads\/\",\"url\":\"https:\/\/alt.ewt-shipping.com\/en\/downloads\/\",\"name\":\"Downloads - EWT Schiffahrtsgesellschaft mbH\",\"isPartOf\":{\"@id\":\"https:\/\/alt.ewt-shipping.com\/#website\"},\"datePublished\":\"2018-03-27T15:56:04+00:00\",\"dateModified\":\"2023-12-19T11:28:47+00:00\",\"breadcrumb\":{\"@id\":\"https:\/\/alt.ewt-shipping.com\/en\/downloads\/#breadcrumb\"},\"inLanguage\":\"en-US\",\"potentialAction\":[{\"@type\":\"ReadAction\",\"target\":[\"https:\/\/alt.ewt-shipping.com\/en\/downloads\/\"]}]},{\"@type\":\"BreadcrumbList\",\"@id\":\"https:\/\/alt.ewt-shipping.com\/en\/downloads\/#breadcrumb\",\"itemListElement\":[{\"@type\":\"ListItem\",\"position\":1,\"name\":\"Home\",\"item\":\"https:\/\/alt.ewt-shipping.com\/en\/\"},{\"@type\":\"ListItem\",\"position\":2,\"name\":\"Downloads\"}]},{\"@type\":\"WebSite\",\"@id\":\"https:\/\/alt.ewt-shipping.com\/#website\",\"url\":\"https:\/\/alt.ewt-shipping.com\/\",\"name\":\"EWT Schiffahrtsgesellschaft mbH\",\"description\":\"\",\"potentialAction\":[{\"@type\":\"SearchAction\",\"target\":{\"@type\":\"EntryPoint\",\"urlTemplate\":\"https:\/\/alt.ewt-shipping.com\/?s={search_term_string}\"},\"query-input\":{\"@type\":\"PropertyValueSpecification\",\"valueRequired\":true,\"valueName\":\"search_term_string\"}}],\"inLanguage\":\"en-US\"}]}<\/script>\n<!-- \/ Yoast SEO plugin. -->","yoast_head_json":{"title":"Downloads - EWT Schiffahrtsgesellschaft mbH","robots":{"index":"noindex","follow":"follow","max-snippet":"max-snippet:-1","max-image-preview":"max-image-preview:large","max-video-preview":"max-video-preview:-1"},"og_locale":"en_US","og_type":"article","og_title":"Downloads - EWT Schiffahrtsgesellschaft mbH","og_url":"https:\/\/alt.ewt-shipping.com\/en\/downloads\/","og_site_name":"EWT Schiffahrtsgesellschaft mbH","article_modified_time":"2023-12-19T11:28:47+00:00","twitter_card":"summary_large_image","twitter_misc":{"Est. reading time":"3 minutes"},"schema":{"@context":"https:\/\/schema.org","@graph":[{"@type":"WebPage","@id":"https:\/\/alt.ewt-shipping.com\/en\/downloads\/","url":"https:\/\/alt.ewt-shipping.com\/en\/downloads\/","name":"Downloads - EWT Schiffahrtsgesellschaft mbH","isPartOf":{"@id":"https:\/\/alt.ewt-shipping.com\/#website"},"datePublished":"2018-03-27T15:56:04+00:00","dateModified":"2023-12-19T11:28:47+00:00","breadcrumb":{"@id":"https:\/\/alt.ewt-shipping.com\/en\/downloads\/#breadcrumb"},"inLanguage":"en-US","potentialAction":[{"@type":"ReadAction","target":["https:\/\/alt.ewt-shipping.com\/en\/downloads\/"]}]},{"@type":"BreadcrumbList","@id":"https:\/\/alt.ewt-shipping.com\/en\/downloads\/#breadcrumb","itemListElement":[{"@type":"ListItem","position":1,"name":"Home","item":"https:\/\/alt.ewt-shipping.com\/en\/"},{"@type":"ListItem","position":2,"name":"Downloads"}]},{"@type":"WebSite","@id":"https:\/\/alt.ewt-shipping.com\/#website","url":"https:\/\/alt.ewt-shipping.com\/","name":"EWT Schiffahrtsgesellschaft mbH","description":"","potentialAction":[{"@type":"SearchAction","target":{"@type":"EntryPoint","urlTemplate":"https:\/\/alt.ewt-shipping.com\/?s={search_term_string}"},"query-input":{"@type":"PropertyValueSpecification","valueRequired":true,"valueName":"search_term_string"}}],"inLanguage":"en-US"}]}},"_links":{"self":[{"href":"https:\/\/alt.ewt-shipping.com\/en\/wp-json\/wp\/v2\/pages\/621"}],"collection":[{"href":"https:\/\/alt.ewt-shipping.com\/en\/wp-json\/wp\/v2\/pages"}],"about":[{"href":"https:\/\/alt.ewt-shipping.com\/en\/wp-json\/wp\/v2\/types\/page"}],"author":[{"embeddable":true,"href":"https:\/\/alt.ewt-shipping.com\/en\/wp-json\/wp\/v2\/users\/1"}],"replies":[{"embeddable":true,"href":"https:\/\/alt.ewt-shipping.com\/en\/wp-json\/wp\/v2\/comments?post=621"}],"version-history":[{"count":17,"href":"https:\/\/alt.ewt-shipping.com\/en\/wp-json\/wp\/v2\/pages\/621\/revisions"}],"predecessor-version":[{"id":10365,"href":"https:\/\/alt.ewt-shipping.com\/en\/wp-json\/wp\/v2\/pages\/621\/revisions\/10365"}],"wp:attachment":[{"href":"https:\/\/alt.ewt-shipping.com\/en\/wp-json\/wp\/v2\/media?parent=621"}],"curies":[{"name":"wp","href":"https:\/\/api.w.org\/{rel}","templated":true}]}}